{"id":55,"date":"2018-04-07T18:59:09","date_gmt":"2018-04-07T16:59:09","guid":{"rendered":"https:\/\/dasp-ciuparcri.wwb.cc\/?page_id=55"},"modified":"2021-03-12T13:37:02","modified_gmt":"2021-03-12T12:37:02","slug":"docencia","status":"publish","type":"page","link":"https:\/\/silocreativo.win\/ptyp\/es\/docencia\/","title":{"rendered":"Docencia"},"content":{"rendered":"\n<h3 class=\"wp-block-heading\"><img decoding=\"async\" src=\"https:\/\/d1bvpoagx8hqbg.cloudfront.net\/originals\/la-universidad-pablo-de-olavide-comida-plaza-america-fa2f8082156bd76b5d57a22c01741b81.jpg\" alt=\"Resultado de imagen de universidad pablo de olavide\"><\/h3>\n\n\n\n<div style=\"height:28px\" aria-hidden=\"true\" class=\"wp-block-spacer\"><\/div>\n\n\n\n<h3 class=\"wp-block-heading\"><strong>GRADO<\/strong><\/h3>\n\n\n\n<hr class=\"wp-block-separator is-style-wide\"\/>\n\n\n\n<p>Diversos investigadores\/as del grupo PTyP forman parte del profesorado de universidades espa\u00f1olas tales como la Universidad Pablo de Olavide, centrando su docencia en diferentes grados como:<\/p>\n\n\n\n<div style=\"height:12px\" aria-hidden=\"true\" class=\"wp-block-spacer\"><\/div>\n\n\n\n<ul class=\"wp-block-list\"><li>Grado en Sociolog\u00eda<\/li><li>Grado en Ciencias Pol\u00edticas<\/li><li>Grado en Sociolog\u00eda y Ciencias Pol\u00edticas<\/li><li>Grado en Trabajo Social<\/li><\/ul>\n\n\n\n<div style=\"height:28px\" aria-hidden=\"true\" class=\"wp-block-spacer\"><\/div>\n\n\n\n<h3 class=\"wp-block-heading\"><strong>DOCTORADO<\/strong><\/h3>\n\n\n\n<hr class=\"wp-block-separator is-style-wide\"\/>\n\n\n\n<p>PTyP participa en un programa de doctorado en Ciencias Sociales llamado \u201cCiudadanos, Parlamentos y Democracia\u201d, en el que los y las estudiantes desarrollan su tesis doctoral sobre temas diversos como movimientos sociales, \u00e9lites pol\u00edticas, descentralizaci\u00f3n y federalismo, funcionamiento de las democracias. La vinculaci\u00f3n de PTyP a diferentes redes internacionales supone una oportunidad \u00fanica para formar a doctorando\/as en cooperaci\u00f3n con socios\/as europeas.<\/p>\n\n\n\n<p><\/p>\n","protected":false},"excerpt":{"rendered":"<p>GRADO Diversos investigadores\/as del grupo PTyP forman parte del profesorado de universidades espa\u00f1olas tales como la Universidad Pablo de Olavide, centrando su docencia en diferentes grados como: Grado en Sociolog\u00eda Grado en Ciencias Pol\u00edticas Grado en Sociolog\u00eda y Ciencias Pol\u00edticas Grado en Trabajo Social DOCTORADO PTyP participa en un programa de doctorado en Ciencias Sociales [&hellip;]<\/p>\n","protected":false},"author":1,"featured_media":0,"parent":0,"menu_order":0,"comment_status":"closed","ping_status":"closed","template":"template-teaching.php","meta":{"footnotes":""},"class_list":["post-55","page","type-page","status-publish","hentry"],"_links":{"self":[{"href":"https:\/\/silocreativo.win\/ptyp\/wp-json\/wp\/v2\/pages\/55","targetHints":{"allow":["GET"]}}],"collection":[{"href":"https:\/\/silocreativo.win\/ptyp\/wp-json\/wp\/v2\/pages"}],"about":[{"href":"https:\/\/silocreativo.win\/ptyp\/wp-json\/wp\/v2\/types\/page"}],"author":[{"embeddable":true,"href":"https:\/\/silocreativo.win\/ptyp\/wp-json\/wp\/v2\/users\/1"}],"replies":[{"embeddable":true,"href":"https:\/\/silocreativo.win\/ptyp\/wp-json\/wp\/v2\/comments?post=55"}],"version-history":[{"count":19,"href":"https:\/\/silocreativo.win\/ptyp\/wp-json\/wp\/v2\/pages\/55\/revisions"}],"predecessor-version":[{"id":2835,"href":"https:\/\/silocreativo.win\/ptyp\/wp-json\/wp\/v2\/pages\/55\/revisions\/2835"}],"wp:attachment":[{"href":"https:\/\/silocreativo.win\/ptyp\/wp-json\/wp\/v2\/media?parent=55"}],"curies":[{"name":"wp","href":"https:\/\/api.w.org\/{rel}","templated":true}]}}